{"id":91,"date":"2018-02-16T10:56:59","date_gmt":"2018-02-16T10:56:59","guid":{"rendered":"http:\/\/mojeosobnimaserka.cz\/?page_id=91"},"modified":"2018-05-05T08:39:18","modified_gmt":"2018-05-05T08:39:18","slug":"uvod","status":"publish","type":"page","link":"https:\/\/mojeosobnimaserka.cz\/?page_id=91","title":{"rendered":"\u00daVOD"},"content":{"rendered":"<p><a href=\"http:\/\/mojeosobnimaserka.cz\/?page_id=73\"><img decoding=\"async\" loading=\"lazy\" class=\"aligncenter size-full wp-image-100\" src=\"http:\/\/mojeosobnimaserka.cz\/wp-content\/uploads\/2018\/02\/V\u00cdTEJTE2.png\" alt=\"\" width=\"1920\" height=\"1080\" srcset=\"https:\/\/mojeosobnimaserka.cz\/wp-content\/uploads\/2018\/02\/V\u00cdTEJTE2.png 1920w, https:\/\/mojeosobnimaserka.cz\/wp-content\/uploads\/2018\/02\/V\u00cdTEJTE2-300x169.png 300w, https:\/\/mojeosobnimaserka.cz\/wp-content\/uploads\/2018\/02\/V\u00cdTEJTE2-768x432.png 768w, https:\/\/mojeosobnimaserka.cz\/wp-content\/uploads\/2018\/02\/V\u00cdTEJTE2-1024x576.png 1024w\" sizes=\"(max-width: 1920px) 100vw, 1920px\" \/><\/a><\/p>\n<p style=\"text-align: center;\">Na t\u011bchto str\u00e1nk\u00e1ch srde\u010dn\u011b v\u00edt\u00e1m v\u0161echny, kte\u0159\u00ed si uv\u011bdomuj\u00ed d\u016fle\u017eitost pohybu v ka\u017edodenn\u00edm \u017eivot\u011b a sou\u010dasn\u011b k n\u011bmu zauj\u00edmaj\u00ed zdrav\u00fd p\u0159\u00edstup. Tedy v duchu my\u0161lenky, \u017ee pohyb je nutn\u00fd, zejm\u00e9na tr\u00e1v\u00ed-li \u010dlov\u011bk velkou \u010d\u00e1st dne sedav\u00fdm zp\u016fsobem, z druh\u00e9 strany se ale nic nem\u00e1 p\u0159eh\u00e1n\u011bt.<\/p>\n<p>&nbsp;<\/p>\n<p style=\"text-align: center;\">M\u00fdm c\u00edlem je poskytovat klient\u016fm kvalitn\u00ed slu\u017eby zam\u011b\u0159en\u00e9 nejen na pohyb. To znamen\u00e1 na celkov\u00e9 zdrav\u00ed, kter\u00e9 zdaleka nezahrnuje pouze skv\u011bl\u00fd stav pohybov\u00e9ho apar\u00e1tu. Z\u00e1rukou zm\u00edn\u011bn\u00e9 kvality je jednak zohledn\u011bn\u00ed individu\u00e1ln\u00edch pot\u0159eb ka\u017ed\u00e9ho jednotlivce, stejn\u011b jako maxim\u00e1ln\u00ed snaha o napln\u011bnost a rozmanitost spole\u010dn\u00fdch setk\u00e1n\u00ed. Nem\u00e9n\u011b v\u00fdznamn\u00e1 je ale i s\u00edla motivace samotn\u00e9ho klienta. Proto p\u0159edt\u00edm, ne\u017e se rozhodnete nastoupit cestu spolupr\u00e1ce, zejm\u00e9na ze zdravotn\u00edch d\u016fvod\u016f, pamatujte na to, \u017ee bez dostate\u010dn\u00e9 spolu\u00fa\u010dasti nen\u00ed dosa\u017een\u00ed \u017e\u00e1douc\u00edch c\u00edl\u016f, tedy kup\u0159\u00edkladu ze\u0161t\u00edhlen\u00ed, zbaven\u00ed se bolesti zad \u010di zv\u00fd\u0161en\u00ed kondice, pln\u011b mo\u017en\u00e9.<\/p>\n<p>&nbsp;<\/p>\n<p style=\"text-align: center;\">Moudr\u00fd \u010dlov\u011bk v\u00ed, \u017ee nem\u016f\u017ee o\u010dek\u00e1vat v\u00fdsledky, pokud pro n\u011b neza\u010dne n\u011bco d\u011blat. Stejn\u011b jako v\u00ed, \u017ee bude-li na n\u011b\u010dem pracovat ka\u017ed\u00fd den, nakonec je schopen dos\u00e1hnout i zd\u00e1nliv\u011b nemo\u017en\u00e9ho. Tomu, kdo je odhodl\u00e1n za\u010d\u00edt na sob\u011b pracovat, budu r\u00e1da n\u00e1pomocn\u00e1!<\/p>\n<p>&nbsp;<\/p>\n<p style=\"text-align: center;\">T\u011b\u0161\u00edm se na V\u00e1s!<\/p>\n<p>&nbsp;<\/p>\n<p>&nbsp;<\/p>\n","protected":false},"excerpt":{"rendered":"<p>Na t\u011bchto str\u00e1nk\u00e1ch srde\u010dn\u011b v\u00edt\u00e1m v\u0161echny, kte\u0159\u00ed si uv\u011bdomuj\u00ed d\u016fle\u017eitost pohybu v ka\u017edodenn\u00edm \u017eivot\u011b a sou\u010dasn\u011b k n\u011bmu zauj\u00edmaj\u00ed zdrav\u00fd p\u0159\u00edstup. Tedy v duchu my\u0161lenky, \u017ee pohyb je nutn\u00fd, zejm\u00e9na tr\u00e1v\u00ed-li \u010dlov\u011bk velkou \u010d\u00e1st&#46;&#46;&#46;<\/p>\n","protected":false},"author":1,"featured_media":0,"parent":0,"menu_order":0,"comment_status":"closed","ping_status":"closed","template":"","meta":[],"_links":{"self":[{"href":"https:\/\/mojeosobnimaserka.cz\/index.php?rest_route=\/wp\/v2\/pages\/91"}],"collection":[{"href":"https:\/\/mojeosobnimaserka.cz\/index.php?rest_route=\/wp\/v2\/pages"}],"about":[{"href":"https:\/\/mojeosobnimaserka.cz\/index.php?rest_route=\/wp\/v2\/types\/page"}],"author":[{"embeddable":true,"href":"https:\/\/mojeosobnimaserka.cz\/index.php?rest_route=\/wp\/v2\/users\/1"}],"replies":[{"embeddable":true,"href":"https:\/\/mojeosobnimaserka.cz\/index.php?rest_route=%2Fwp%2Fv2%2Fcomments&post=91"}],"version-history":[{"count":7,"href":"https:\/\/mojeosobnimaserka.cz\/index.php?rest_route=\/wp\/v2\/pages\/91\/revisions"}],"predecessor-version":[{"id":147,"href":"https:\/\/mojeosobnimaserka.cz\/index.php?rest_route=\/wp\/v2\/pages\/91\/revisions\/147"}],"wp:attachment":[{"href":"https:\/\/mojeosobnimaserka.cz\/index.php?rest_route=%2Fwp%2Fv2%2Fmedia&parent=91"}],"curies":[{"name":"wp","href":"https:\/\/api.w.org\/{rel}","templated":true}]}}